{"id":3,"date":"2025-04-26T14:15:33","date_gmt":"2025-04-26T12:15:33","guid":{"rendered":"https:\/\/selene-antik.stoll.tech\/?page_id=3"},"modified":"2025-05-04T16:51:45","modified_gmt":"2025-05-04T14:51:45","slug":"datenschutzerklaerung","status":"publish","type":"page","link":"https:\/\/selene-antik.stoll.tech\/?page_id=3","title":{"rendered":"Impressum"},"content":{"rendered":"\n<p>Angaben gem\u00e4\u00df \u00a7 5 TMG:<\/p>\n\n\n\n<p><strong>Selene Antik<\/strong><br>Ingrid Stoll<br>Alter Berg 14<br>82319 Starnberg<br>Deutschland<\/p>\n\n\n\n<p>Verantwortlich f\u00fcr den Inhalt nach \u00a7 55 Abs. 2 RStV:<br>Ingrid Stoll (Anschrift wie oben)<\/p>\n\n\n\n<p>Kontakt \u00fcber das Kontaktformular auf dieser Webseite.<\/p>\n\n\n\n<h2 class=\"wp-block-heading\"><strong>Datenschutzerkl\u00e4rung<\/strong><\/h2>\n\n\n\n<ol class=\"wp-block-list\">\n<li>Verantwortlicher<br>Verantwortlich f\u00fcr die Verarbeitung personenbezogener Daten auf dieser Webseite ist:<br>Ingrid Stoll<br>Alter Berg 14<br>82319 Starnberg<br>Deutschland<\/li>\n\n\n\n<li>Erhebung und Verarbeitung personenbezogener Daten.<br>Diese Daten dienen ausschlie\u00dflich der technischen Bereitstellung der Webseite und werden nicht zur Erstellung von Nutzerprofilen verwendet.<br>Beim Besuch dieser Webseite werden automatisch folgende Daten verarbeitet, die Ihr Browser \u00fcbermittelt:\n<ul class=\"wp-block-list\">\n<li>IP-Adresse<\/li>\n\n\n\n<li>Datum und Uhrzeit der Anfrage<\/li>\n\n\n\n<li>aufgerufene Seite<\/li>\n\n\n\n<li>Referrer-URL<\/li>\n\n\n\n<li>Browsertyp und -version<\/li>\n\n\n\n<li>Betriebssystem<\/li>\n<\/ul>\n<\/li>\n<\/ol>\n\n\n\n<ol start=\"3\" class=\"wp-block-list\">\n<li>Kontaktformular<br>Wenn Sie das Kontaktformular nutzen, werden die dort eingegebenen Daten (z.\u202fB. Name, Nachricht) sowie Ihre IP-Adresse gespeichert, um Ihre Anfrage zu bearbeiten. Die Verarbeitung erfolgt auf Grundlage von Art. 6 Abs. 1 lit. f DSGVO (berechtigtes Interesse an Kommunikation).<\/li>\n\n\n\n<li>Verwendung von Google Fonts<br>Diese Webseite verwendet zur einheitlichen Darstellung von Schriftarten sogenannte Google Fonts \u2013 im konkreten Fall die Schriftart &#8222;Metamorphous&#8220;. Die Schrift wird von Servern der Google Ireland Ltd., Gordon House, Barrow Street, Dublin 4, Irland geladen. Dabei kann Ihre IP-Adresse an Google \u00fcbertragen werden. Weitere Informationen finden Sie unter: <a href=\"https:\/\/fonts.google.com\">https:\/\/fonts.google.com<\/a><\/li>\n\n\n\n<li>Rechte der betroffenen Personen<br>Sie haben das Recht auf Auskunft, Berichtigung, L\u00f6schung und Einschr\u00e4nkung der Verarbeitung Ihrer personenbezogenen Daten. Au\u00dferdem k\u00f6nnen Sie der Verarbeitung widersprechen und haben ein Beschwerderecht bei der zust\u00e4ndigen Datenschutzaufsichtsbeh\u00f6rde.<\/li>\n\n\n\n<li>Hosting<br>Die Webseite wird bei einem externen Dienstleister (Hosting-Anbieter) betrieben. Alle \u00fcber die Webseite erfassten Daten werden auf dessen Servern verarbeitet. Dies dient der Erf\u00fcllung von vertraglichen Pflichten (Art. 6 Abs. 1 lit. f DSGVO).<\/li>\n\n\n\n<li>Cookies<br>Diese Webseite verwendet keine Cookies, die einer Einwilligung bed\u00fcrfen.<\/li>\n<\/ol>\n\n\n\n<p>Stand: Mai 2025<\/p>\n","protected":false},"excerpt":{"rendered":"<p>Angaben gem\u00e4\u00df \u00a7 5 TMG: Selene AntikIngrid StollAlter Berg 1482319 StarnbergDeutschland Verantwortlich f\u00fcr den Inhalt nach \u00a7 55 Abs. 2 [&hellip;]<\/p>\n","protected":false},"author":1,"featured_media":0,"parent":0,"menu_order":4,"comment_status":"closed","ping_status":"closed","template":"","meta":{"site-sidebar-layout":"default","site-content-layout":"","ast-site-content-layout":"","site-content-style":"default","site-sidebar-style":"default","ast-global-header-display":"","ast-banner-title-visibility":"","ast-main-header-display":"","ast-hfb-above-header-display":"","ast-hfb-below-header-display":"","ast-hfb-mobile-header-display":"","site-post-title":"","ast-breadcrumbs-content":"","ast-featured-img":"","footer-sml-layout":"","theme-transparent-header-meta":"","adv-header-id-meta":"","stick-header-meta":"","header-above-stick-meta":"","header-main-stick-meta":"","header-below-stick-meta":"","astra-migrate-meta-layouts":"default","ast-page-background-enabled":"default","ast-page-background-meta":{"desktop":{"background-color":"var(--ast-global-color-5)","background-image":"","background-repeat":"repeat","background-position":"center center","background-size":"auto","background-attachment":"scroll","background-type":"","background-media":"","overlay-type":"","overlay-color":"","overlay-opacity":"","overlay-gradient":""},"tablet":{"background-color":"","background-image":"","background-repeat":"repeat","background-position":"center center","background-size":"auto","background-attachment":"scroll","background-type":"","background-media":"","overlay-type":"","overlay-color":"","overlay-opacity":"","overlay-gradient":""},"mobile":{"background-color":"","background-image":"","background-repeat":"repeat","background-position":"center center","background-size":"auto","background-attachment":"scroll","background-type":"","background-media":"","overlay-type":"","overlay-color":"","overlay-opacity":"","overlay-gradient":""}},"ast-content-background-meta":{"desktop":{"background-color":"var(--ast-global-color-4)","background-image":"","background-repeat":"repeat","background-position":"center center","background-size":"auto","background-attachment":"scroll","background-type":"","background-media":"","overlay-type":"","overlay-color":"","overlay-opacity":"","overlay-gradient":""},"tablet":{"background-color":"var(--ast-global-color-4)","background-image":"","background-repeat":"repeat","background-position":"center center","background-size":"auto","background-attachment":"scroll","background-type":"","background-media":"","overlay-type":"","overlay-color":"","overlay-opacity":"","overlay-gradient":""},"mobile":{"background-color":"var(--ast-global-color-4)","background-image":"","background-repeat":"repeat","background-position":"center center","background-size":"auto","background-attachment":"scroll","background-type":"","background-media":"","overlay-type":"","overlay-color":"","overlay-opacity":"","overlay-gradient":""}},"footnotes":""},"class_list":["post-3","page","type-page","status-publish","hentry"],"_links":{"self":[{"href":"https:\/\/selene-antik.stoll.tech\/index.php?rest_route=\/wp\/v2\/pages\/3","targetHints":{"allow":["GET"]}}],"collection":[{"href":"https:\/\/selene-antik.stoll.tech\/index.php?rest_route=\/wp\/v2\/pages"}],"about":[{"href":"https:\/\/selene-antik.stoll.tech\/index.php?rest_route=\/wp\/v2\/types\/page"}],"author":[{"embeddable":true,"href":"https:\/\/selene-antik.stoll.tech\/index.php?rest_route=\/wp\/v2\/users\/1"}],"replies":[{"embeddable":true,"href":"https:\/\/selene-antik.stoll.tech\/index.php?rest_route=%2Fwp%2Fv2%2Fcomments&post=3"}],"version-history":[{"count":3,"href":"https:\/\/selene-antik.stoll.tech\/index.php?rest_route=\/wp\/v2\/pages\/3\/revisions"}],"predecessor-version":[{"id":91,"href":"https:\/\/selene-antik.stoll.tech\/index.php?rest_route=\/wp\/v2\/pages\/3\/revisions\/91"}],"wp:attachment":[{"href":"https:\/\/selene-antik.stoll.tech\/index.php?rest_route=%2Fwp%2Fv2%2Fmedia&parent=3"}],"curies":[{"name":"wp","href":"https:\/\/api.w.org\/{rel}","templated":true}]}}